{"id":31,"date":"2015-11-19T18:15:00","date_gmt":"2015-11-19T18:15:00","guid":{"rendered":"http:\/\/www.garagedanielbois.com\/fr\/?page_id=31"},"modified":"2019-09-11T14:57:38","modified_gmt":"2019-09-11T14:57:38","slug":"services","status":"publish","type":"page","link":"https:\/\/www.garagedanielbois.com\/fr\/services\/","title":{"rendered":"Services"},"content":{"rendered":"<h4><strong>Nous Offrons:<\/strong><\/h4>\n<ul>\n<li>M\u00e9chanique g\u00e9n\u00e9rale<\/li>\n<li>Inspection du N.-B.<\/li>\n<li>Service injection \u00e9lectronique<\/li>\n<li>Service de l&rsquo;air climatis\u00e9<\/li>\n<li>Diagnostique \u00e9lectronique<\/li>\n<\/ul>\n<h4>Nous sp\u00e9cialisons en:<\/h4>\n<ul>\n<li>Reconstruction et r\u00e9paration de moteurs<\/li>\n<li>Reconstruction et r\u00e9paration de transmissions<\/li>\n<li>Reconstruction et r\u00e9paration de radiateurs<\/li>\n<\/ul>\n","protected":false},"excerpt":{"rendered":"<p>Nous Offrons: M\u00e9chanique g\u00e9n\u00e9rale Inspection du N.-B. Service injection \u00e9lectronique Service de l&rsquo;air climatis\u00e9 Diagnostique \u00e9lectronique Nous sp\u00e9cialisons en: Reconstruction et r\u00e9paration de moteurs Reconstruction et r\u00e9paration de transmissions Reconstruction et r\u00e9paration de radiateurs<\/p>\n","protected":false},"author":5,"featured_media":0,"parent":0,"menu_order":0,"comment_status":"closed","ping_status":"closed","template":"","meta":{"footnotes":""},"class_list":["post-31","page","type-page","status-publish","hentry"],"_links":{"self":[{"href":"https:\/\/www.garagedanielbois.com\/fr\/wp-json\/wp\/v2\/pages\/31","targetHints":{"allow":["GET"]}}],"collection":[{"href":"https:\/\/www.garagedanielbois.com\/fr\/wp-json\/wp\/v2\/pages"}],"about":[{"href":"https:\/\/www.garagedanielbois.com\/fr\/wp-json\/wp\/v2\/types\/page"}],"author":[{"embeddable":true,"href":"https:\/\/www.garagedanielbois.com\/fr\/wp-json\/wp\/v2\/users\/5"}],"replies":[{"embeddable":true,"href":"https:\/\/www.garagedanielbois.com\/fr\/wp-json\/wp\/v2\/comments?post=31"}],"version-history":[{"count":17,"href":"https:\/\/www.garagedanielbois.com\/fr\/wp-json\/wp\/v2\/pages\/31\/revisions"}],"predecessor-version":[{"id":227,"href":"https:\/\/www.garagedanielbois.com\/fr\/wp-json\/wp\/v2\/pages\/31\/revisions\/227"}],"wp:attachment":[{"href":"https:\/\/www.garagedanielbois.com\/fr\/wp-json\/wp\/v2\/media?parent=31"}],"curies":[{"name":"wp","href":"https:\/\/api.w.org\/{rel}","templated":true}]}}