{"id":30,"date":"2015-11-19T18:14:53","date_gmt":"2015-11-19T18:14:53","guid":{"rendered":"http:\/\/www.garagedanielbois.com\/fr\/?page_id=30"},"modified":"2015-11-26T13:17:01","modified_gmt":"2015-11-26T13:17:01","slug":"accueil","status":"publish","type":"page","link":"https:\/\/www.garagedanielbois.com\/fr\/","title":{"rendered":"Accueil"},"content":{"rendered":"<blockquote><p>Plus de 65 ann\u00e9es de M\u00e9canique g\u00e9n\u00e9rale et sp\u00e9cialis\u00e9e&#8230;<\/p><\/blockquote>\n","protected":false},"excerpt":{"rendered":"<p>Plus de 65 ann\u00e9es de M\u00e9canique g\u00e9n\u00e9rale et sp\u00e9cialis\u00e9e&#8230;<\/p>\n","protected":false},"author":5,"featured_media":264,"parent":0,"menu_order":0,"comment_status":"closed","ping_status":"closed","template":"","meta":{"footnotes":""},"class_list":["post-30","page","type-page","status-publish","has-post-thumbnail","hentry"],"_links":{"self":[{"href":"https:\/\/www.garagedanielbois.com\/fr\/wp-json\/wp\/v2\/pages\/30","targetHints":{"allow":["GET"]}}],"collection":[{"href":"https:\/\/www.garagedanielbois.com\/fr\/wp-json\/wp\/v2\/pages"}],"about":[{"href":"https:\/\/www.garagedanielbois.com\/fr\/wp-json\/wp\/v2\/types\/page"}],"author":[{"embeddable":true,"href":"https:\/\/www.garagedanielbois.com\/fr\/wp-json\/wp\/v2\/users\/5"}],"replies":[{"embeddable":true,"href":"https:\/\/www.garagedanielbois.com\/fr\/wp-json\/wp\/v2\/comments?post=30"}],"version-history":[{"count":2,"href":"https:\/\/www.garagedanielbois.com\/fr\/wp-json\/wp\/v2\/pages\/30\/revisions"}],"predecessor-version":[{"id":64,"href":"https:\/\/www.garagedanielbois.com\/fr\/wp-json\/wp\/v2\/pages\/30\/revisions\/64"}],"wp:featuredmedia":[{"embeddable":true,"href":"https:\/\/www.garagedanielbois.com\/fr\/wp-json\/wp\/v2\/media\/264"}],"wp:attachment":[{"href":"https:\/\/www.garagedanielbois.com\/fr\/wp-json\/wp\/v2\/media?parent=30"}],"curies":[{"name":"wp","href":"https:\/\/api.w.org\/{rel}","templated":true}]}}