{"id":29,"date":"2015-11-19T18:14:48","date_gmt":"2015-11-19T18:14:48","guid":{"rendered":"http:\/\/www.garagedanielbois.com\/fr\/?page_id=29"},"modified":"2015-12-08T18:30:58","modified_gmt":"2015-12-08T18:30:58","slug":"historique","status":"publish","type":"page","link":"https:\/\/www.garagedanielbois.com\/fr\/historique\/","title":{"rendered":"Historique"},"content":{"rendered":"<h3 align=\"center\"><strong>Plus de 65 ann\u00e9es de M\u00e9canique g\u00e9n\u00e9rale et sp\u00e9cialis\u00e9e<\/strong><\/h3>\n<p align=\"justify\">C`est en ao\u00fbt 1944, qu\u2019a pris naissance, dans le petit village de St-Basile situ\u00e9 \u00e0 cinq kilom\u00e8tres d\u2019Edmundston, le Garage Lionel Sirois.<\/p>\n<p align=\"justify\">Dans les ann\u00e9es 40 et 50, il y avait beaucoup moins d`automobiles qu`aujourd`hui. Par contre, une demande pour la r\u00e9paration et l`entretien de camions et d`\u00e9quipements agricoles \u00e9tait en pleine croissance. C`est avec son sens des affaires et sa d\u00e9brouillardise que mon grand-p\u00e8re a saisi l`opportunit\u00e9 de lancer sa propre entreprise sous le vocable de \u00abGarage Lionel Sirois\u00bb. C`est avec passion et d\u00e9vouement qu`il a exerc\u00e9 son m\u00e9tier pendant plus de 40 ans et ce, toujours avec la m\u00eame devise\u00a0: \u00abLe Service\u00bb.<\/p>\n<h5 align=\"center\">\u00a0<img loading=\"lazy\" decoding=\"async\" class=\"alignnone size-medium wp-image-160\" src=\"https:\/\/www.garagedanielbois.com\/wp-content\/uploads\/2015\/11\/arialphoto-300x226.jpg\" alt=\"arialphoto\" width=\"300\" height=\"226\" srcset=\"https:\/\/www.garagedanielbois.com\/wp-content\/uploads\/2015\/11\/arialphoto-300x226.jpg 300w, https:\/\/www.garagedanielbois.com\/wp-content\/uploads\/2015\/11\/arialphoto-250x188.jpg 250w, https:\/\/www.garagedanielbois.com\/wp-content\/uploads\/2015\/11\/arialphoto.jpg 623w\" sizes=\"auto, (max-width: 300px) 100vw, 300px\" \/> <img loading=\"lazy\" decoding=\"async\" class=\"alignnone size-medium wp-image-158\" src=\"https:\/\/www.garagedanielbois.com\/wp-content\/uploads\/2015\/11\/garagepast-300x240.jpg\" alt=\"garagepast\" width=\"300\" height=\"240\" srcset=\"https:\/\/www.garagedanielbois.com\/wp-content\/uploads\/2015\/11\/garagepast-300x240.jpg 300w, https:\/\/www.garagedanielbois.com\/wp-content\/uploads\/2015\/11\/garagepast-250x200.jpg 250w, https:\/\/www.garagedanielbois.com\/wp-content\/uploads\/2015\/11\/garagepast.jpg 627w\" sizes=\"auto, (max-width: 300px) 100vw, 300px\" \/><\/h5>\n<p align=\"justify\">\u00c9tant moi m\u00eame m\u00e9canicien depuis 1978, j`ai d\u00e9sir\u00e9 poursuivre avec la m\u00eame\u00a0 passion ce travail si bien commenc\u00e9. C`est en Mars 1985 que j`ai donn\u00e9 un nouveau souffle \u00e0 cette entreprise familiale, maintenant sous le nom de \u00abGarage Daniel Bois\u00bb.\u00a0 J`ai d\u00fb innover et agrandir mon entreprise, toujours en gardant comme service prioritaire la m\u00e9canique g\u00e9n\u00e9rale. J`ai fond\u00e9, en 1987, la compagnie \u00abRemorquage Nord Ouest\u00bb. En 1989,\u00a0 j`ai agrandi le garage, passant alors d\u2019une baie \u00e0 trois baies de travail. C\u2019est l\u2019ann\u00e9e suivante que j\u2019ai ajout\u00e9 un atelier de r\u00e9paration et d\u2019entretien de syst\u00e8mes de climatisation automobile et industrielle, en plus d\u2019un atelier de r\u00e9paration de radiateurs.<\/p>\n<p align=\"justify\">Par la suite, avec \u00e0 mes c\u00f4t\u00e9s M. Garry Perron, propri\u00e9taire et fondateur de<br \/>\nG.P. Transmission de Campbellton au Nouveau-Brunswick, je me suis lanc\u00e9 dans le domaine de la r\u00e9paration de transmissions automatiques et manuelles, ainsi que des\u00a0 bo\u00eetes de transferts pour v\u00e9hicules 4&#215;4. En 1996, nous devenions la succursale d`Edmundston de G. P. Transmission pour la vente des pi\u00e8ces et des services.<\/p>\n<p align=\"justify\">Au d\u00e9but des ann\u00e9es 2000, avec l\u2019informatisation et le d\u00e9veloppement des syst\u00e8mes \u00e9lectroniques des v\u00e9hicules, il y a eu une croissance importante de la demande pour la r\u00e9paration de ces diff\u00e9rents syst\u00e8mes. Ren\u00e9 Louis Clavet, un de nos employ\u00e9s clef, d\u00e9montrait beaucoup d\u2019int\u00e9r\u00eats pour cette nouvelle technologie. Nous nous sommes donc procur\u00e9 les \u00e9quipements n\u00e9cessaires pour poser des diagnostiques et faire les r\u00e9parations n\u00e9cessaires sur ces nouveaux v\u00e9hicules. Ren\u00e9 Louis continue encore aujourd\u2019hui de se perfectionner et d\u2019exceller dans ce domaine. Nous avons d\u2019ailleurs, en 2002, int\u00e9gr\u00e9 la Banni\u00e8re Napa Autopro.<\/p>\n<p align=\"justify\">D\u00e8s 2003, nous avons ajout\u00e9 une 4e baie de travail \u00e0 notre garage, ainsi que de nouvelles aires de bureaux, sans oublier une nouvelle fa\u00e7ade qui nous rappelle le garage de mon grand p\u00e8re dans les ann\u00e9es 50.<\/p>\n<p align=\"justify\">En d\u00e9cembre 2008, nous avons fait l`acquisition d`un \u00e9quipement complet pour le r\u00e9-usinage de moteurs \u00e0 gaz et au diesel. M. Antoine Th\u00e9riault, avec 35 ans d`exp\u00e9rience dans le domaine du r\u00e9-usinage de moteurs de toutes sortes, s\u2019est joint \u00e0 notre \u00e9quipe de travail d\u00e8s janvier 2009.<\/p>\n<p align=\"justify\">\u00a0Je d\u00e9die notre succ\u00e8s \u00e0 tous les employ\u00e9s qui ont travaill\u00e9 avec nous dans le pass\u00e9 et \u00e0 tous ceux qui sont aujourd\u2019hui \u00e0 notre service. Nous d\u00e9sirons aussi remercier nos partenaires d`affaires et tout particuli\u00e8rement nos fid\u00e8les clients.<\/p>\n<p align=\"justify\">Nous avons \u00e9t\u00e9 tr\u00e8s heureux de vous servir pendant plus de 65 ans et nous esp\u00e9rons vous servir pour de nombreuses ann\u00e9es encore!<\/p>\n<p align=\"justify\">Merci!<\/p>\n<p align=\"justify\">Daniel<\/p>\n","protected":false},"excerpt":{"rendered":"<p>Plus de 65 ann\u00e9es de M\u00e9canique g\u00e9n\u00e9rale et sp\u00e9cialis\u00e9e C`est en ao\u00fbt 1944, qu\u2019a pris naissance, dans le petit village de St-Basile situ\u00e9 \u00e0 cinq kilom\u00e8tres d\u2019Edmundston, le Garage Lionel Sirois. Dans les ann\u00e9es 40 et 50, il y avait beaucoup moins d`automobiles qu`aujourd`hui. Par contre, une demande pour la r\u00e9paration et l`entretien de camions [&hellip;]<\/p>\n","protected":false},"author":5,"featured_media":0,"parent":0,"menu_order":0,"comment_status":"closed","ping_status":"closed","template":"","meta":{"footnotes":""},"class_list":["post-29","page","type-page","status-publish","hentry"],"_links":{"self":[{"href":"https:\/\/www.garagedanielbois.com\/fr\/wp-json\/wp\/v2\/pages\/29","targetHints":{"allow":["GET"]}}],"collection":[{"href":"https:\/\/www.garagedanielbois.com\/fr\/wp-json\/wp\/v2\/pages"}],"about":[{"href":"https:\/\/www.garagedanielbois.com\/fr\/wp-json\/wp\/v2\/types\/page"}],"author":[{"embeddable":true,"href":"https:\/\/www.garagedanielbois.com\/fr\/wp-json\/wp\/v2\/users\/5"}],"replies":[{"embeddable":true,"href":"https:\/\/www.garagedanielbois.com\/fr\/wp-json\/wp\/v2\/comments?post=29"}],"version-history":[{"count":2,"href":"https:\/\/www.garagedanielbois.com\/fr\/wp-json\/wp\/v2\/pages\/29\/revisions"}],"predecessor-version":[{"id":162,"href":"https:\/\/www.garagedanielbois.com\/fr\/wp-json\/wp\/v2\/pages\/29\/revisions\/162"}],"wp:attachment":[{"href":"https:\/\/www.garagedanielbois.com\/fr\/wp-json\/wp\/v2\/media?parent=29"}],"curies":[{"name":"wp","href":"https:\/\/api.w.org\/{rel}","templated":true}]}}