{"id":28,"date":"2015-11-19T18:14:34","date_gmt":"2015-11-19T18:14:34","guid":{"rendered":"http:\/\/www.garagedanielbois.com\/fr\/?page_id=28"},"modified":"2020-02-13T14:03:00","modified_gmt":"2020-02-13T14:03:00","slug":"a-vendre","status":"publish","type":"page","link":"https:\/\/www.garagedanielbois.com\/fr\/a-vendre\/","title":{"rendered":"\u00c0 vendre"},"content":{"rendered":"<ul>\n<li>\n<h4>Plusieurs radiateurs (complets et cores)<\/h4>\n<\/li>\n<li>\n<h4>Mufflers flo pro &amp; master flow master (neufs et usag\u00e9s)<\/h4>\n<h5><span style=\"color: #999999;\"><em>Muffler Flo Pro pour Diesel truck, 4\u00a0\u00bb inlet &#8211; 30\u00a0\u00bb long &#8211; 9\u00a0\u00bb diam\u00e8tre,\u00a0 en Aluminized<br \/>\nMuffler Flo Pro pour Diesel truck, 5\u00a0\u00bb inlet &#8211; 30\u00a0\u00bb long &#8211; 10\u00a0\u00bb diam\u00e8tre, en Aluminized<br \/>\nMuffler Flow Master pour v\u00e9hicule \u00e0 gas, # pi\u00e8ce 530562, 3\u00a0\u00bb inlet &#8211; 2.50\u00a0\u00bb outlet double<\/em><\/span><\/h5>\n<\/li>\n<li>\n<h4>Pneus d&rsquo;\u00e9t\u00e9 (usag\u00e9s)<\/h4>\n<h5><span style=\"color: #999999;\"><em>Toyo Extensa A\/S P215\/75R15 (avec roues)<\/em><\/span><br \/>\n<span style=\"color: #999999;\"><em>Minerva Radial F109 205\/60R15 (avec roues)<\/em><\/span><br \/>\n<span style=\"color: #999999;\"><em>Fuzion touring 205\/70R15 (avec roues)<\/em><\/span><br \/>\n<span style=\"color: #999999;\"><em>Bridgestone Ecopia P195\/55R16 (avec roues)<\/em><\/span><\/h5>\n<\/li>\n<li>\n<h4><strong>Pneus d&rsquo;hiver (usag\u00e9s)<\/strong><\/h4>\n<h5><span style=\"color: #999999;\"><em>Rovelo clou\u00e9s 185\/70R14<\/em><\/span><br \/>\n<span style=\"color: #999999;\"><em>Toyo Observe GS I5 235\/55R16<\/em><\/span><\/h5>\n<\/li>\n<li>\n<h4>Roues d&rsquo;alluminium (MAG)<\/h4>\n<\/li>\n<li>\n<h4>Moteurs et pi\u00e8ces de moteurs<\/h4>\n<\/li>\n<\/ul>\n","protected":false},"excerpt":{"rendered":"<p>Plusieurs radiateurs (complets et cores) Mufflers flo pro &amp; master flow master (neufs et usag\u00e9s) Muffler Flo Pro pour Diesel truck, 4\u00a0\u00bb inlet &#8211; 30\u00a0\u00bb long &#8211; 9\u00a0\u00bb diam\u00e8tre,\u00a0 en Aluminized Muffler Flo Pro pour Diesel truck, 5\u00a0\u00bb inlet &#8211; 30\u00a0\u00bb long &#8211; 10\u00a0\u00bb diam\u00e8tre, en Aluminized Muffler Flow Master pour v\u00e9hicule \u00e0 gas, # [&hellip;]<\/p>\n","protected":false},"author":5,"featured_media":0,"parent":0,"menu_order":0,"comment_status":"closed","ping_status":"closed","template":"","meta":{"footnotes":""},"class_list":["post-28","page","type-page","status-publish","hentry"],"_links":{"self":[{"href":"https:\/\/www.garagedanielbois.com\/fr\/wp-json\/wp\/v2\/pages\/28","targetHints":{"allow":["GET"]}}],"collection":[{"href":"https:\/\/www.garagedanielbois.com\/fr\/wp-json\/wp\/v2\/pages"}],"about":[{"href":"https:\/\/www.garagedanielbois.com\/fr\/wp-json\/wp\/v2\/types\/page"}],"author":[{"embeddable":true,"href":"https:\/\/www.garagedanielbois.com\/fr\/wp-json\/wp\/v2\/users\/5"}],"replies":[{"embeddable":true,"href":"https:\/\/www.garagedanielbois.com\/fr\/wp-json\/wp\/v2\/comments?post=28"}],"version-history":[{"count":8,"href":"https:\/\/www.garagedanielbois.com\/fr\/wp-json\/wp\/v2\/pages\/28\/revisions"}],"predecessor-version":[{"id":249,"href":"https:\/\/www.garagedanielbois.com\/fr\/wp-json\/wp\/v2\/pages\/28\/revisions\/249"}],"wp:attachment":[{"href":"https:\/\/www.garagedanielbois.com\/fr\/wp-json\/wp\/v2\/media?parent=28"}],"curies":[{"name":"wp","href":"https:\/\/api.w.org\/{rel}","templated":true}]}}