{"id":103,"date":"2015-12-03T15:01:40","date_gmt":"2015-12-03T15:01:40","guid":{"rendered":"http:\/\/www.garagedanielbois.com\/fr\/?page_id=103"},"modified":"2015-12-03T19:14:44","modified_gmt":"2015-12-03T19:14:44","slug":"fixer-un-rendez-vous","status":"publish","type":"page","link":"https:\/\/www.garagedanielbois.com\/fr\/fixer-un-rendez-vous\/","title":{"rendered":"Fixer un rendez-vous"},"content":{"rendered":"<p>Veillez completer le formulaire ci-dessous. D\u00e8s que votre demande aura \u00e9t\u00e9 recu quelqu&rsquo;un vous contactera pour confirmer l&rsquo;heure et la date de votre rendez-vous.<br \/>\n<div id=\"vfb-form-5\" class=\"visual-form-builder-container\"><form id=\"fixer-un-rendez-vous-copy-5\" class=\"visual-form-builder vfb-form-5  left-label\" method=\"post\" enctype=\"multipart\/form-data\">\n\t  \t<input type=\"hidden\" name=\"form_id\" value=\"5\" \/><fieldset class=\"vfb-fieldset vfb-fieldset-1 33 \" id=\"item-vfb-33\">&nbsp;<ul class=\"vfb-section vfb-section-1\"><li class=\"vfb-item vfb-item-text  \" id=\"item-vfb-38\"><label for=\"vfb-38\" class=\"vfb-desc\">Votre nom:  <span class=\"vfb-required-asterisk\">*<\/span><\/label><input type=\"text\" name=\"vfb-38\" id=\"vfb-38\" value=\"\" class=\"vfb-text  vfb-medium  required  \" \/><\/li><li class=\"vfb-item vfb-item-text  \" id=\"item-vfb-37\"><label for=\"vfb-37\" class=\"vfb-desc\">Courriel: <\/label><input type=\"text\" name=\"vfb-37\" id=\"vfb-37\" value=\"\" class=\"vfb-text  vfb-medium   email \" \/><\/li><li class=\"vfb-item vfb-item-text  \" id=\"item-vfb-36\"><label for=\"vfb-36\" class=\"vfb-desc\">T\u00e9l\u00e9phone <\/label><input type=\"text\" name=\"vfb-36\" id=\"vfb-36\" value=\"\" class=\"vfb-text  vfb-medium   phone \" \/><\/li><li class=\"vfb-item vfb-item-date  \" id=\"item-vfb-39\"><label for=\"vfb-39\" class=\"vfb-desc\">Date de pr\u00e9f\u00e9rence  <span class=\"vfb-required-asterisk\">*<\/span><\/label><input type=\"text\" name=\"vfb-39\" id=\"vfb-39\" value=\"\" class=\"vfb-text vfb-date-picker  vfb-medium  required \" data-dp-dateFormat=\"mm\/dd\/yy\" \/><\/li><li class=\"vfb-item vfb-item-select  \" id=\"item-vfb-40\"><label for=\"vfb-40\" class=\"vfb-desc\">Temps de la journ\u00e9e <\/label><select name=\"vfb-40\" id=\"vfb-40\" class=\"vfb-select  vfb-medium  \"><option value=\"Avant-Midi\">Avant-Midi<\/option><option value=\"Apr\u00e8s-Midi\">Apr\u00e8s-Midi<\/option><option value=\"Aucune pr\u00e9f\u00e9rence\">Aucune pr\u00e9f\u00e9rence<\/option><\/select><\/li><li class=\"vfb-item vfb-item-textarea  \" id=\"item-vfb-41\"><label for=\"vfb-41\" class=\"vfb-desc\">Description du service demand\u00e9  <span class=\"vfb-required-asterisk\">*<\/span><\/label><div><textarea name=\"vfb-41\" id=\"vfb-41\" class=\"vfb-textarea  vfb-medium  required \"><\/textarea><\/div><\/li><\/ul>&nbsp;<\/fieldset><fieldset class=\"vfb-fieldset vfb-fieldset-2 verification \" id=\"item-vfb-35\" style=\"display:block\"><div class=\"vfb-legend\"><h3>Verification<\/h3><\/div><ul class=\"vfb-section vfb-section-2\"><li class=\"vfb-item vfb-item-secret\"  style=\"display:block\"><label for=\"vfb-34\" class=\"vfb-desc\">SVP entrez deux chriffres <span class=\"vfb-required-asterisk\">*<\/span><\/label><input type=\"hidden\" name=\"_vfb-secret\" value=\"vfb-34\" \/><span class=\"vfb-span\"><input type=\"text\" name=\"vfb-34\" id=\"vfb-34\" value=\"\" class=\"vfb-text  vfb-medium  required {digits:true,maxlength:2,minlength:2} \" style=\"display:block\" \/><label>Exemple: 12<\/label><\/span><li style=\"display:none;\"><label>Cette bo\u00eete est pour la protection contre le spam - &lt;strong&gt;Veuillez laisser en blanc&lt;\/strong&gt;:<\/label><div><input name=\"vfb-spam\" \/><\/div><\/li>\n\t\t\t<li class=\"vfb-item vfb-item-submit\" id=\"item-vfb-32\">\n\t\t\t\t<input type=\"submit\" name=\"vfb-submit\" id=\"vfb-32\" value=\"Soumettre\" class=\"vfb-submit \" \/>\n\t\t\t\t<\/li><\/ul>\n\t\t\t<\/fieldset><input type=\"hidden\" name=\"_wp_http_referer\" value=\"\/fr\/wp-json\/wp\/v2\/pages\/103\" \/><\/form><\/div> <!-- .visual-form-builder-container --><\/p>\n","protected":false},"excerpt":{"rendered":"<p>Veillez completer le formulaire ci-dessous. D\u00e8s que votre demande aura \u00e9t\u00e9 recu quelqu&rsquo;un vous contactera pour confirmer l&rsquo;heure et la date de votre rendez-vous.<\/p>\n","protected":false},"author":5,"featured_media":0,"parent":0,"menu_order":0,"comment_status":"closed","ping_status":"closed","template":"","meta":{"footnotes":""},"class_list":["post-103","page","type-page","status-publish","hentry"],"_links":{"self":[{"href":"https:\/\/www.garagedanielbois.com\/fr\/wp-json\/wp\/v2\/pages\/103","targetHints":{"allow":["GET"]}}],"collection":[{"href":"https:\/\/www.garagedanielbois.com\/fr\/wp-json\/wp\/v2\/pages"}],"about":[{"href":"https:\/\/www.garagedanielbois.com\/fr\/wp-json\/wp\/v2\/types\/page"}],"author":[{"embeddable":true,"href":"https:\/\/www.garagedanielbois.com\/fr\/wp-json\/wp\/v2\/users\/5"}],"replies":[{"embeddable":true,"href":"https:\/\/www.garagedanielbois.com\/fr\/wp-json\/wp\/v2\/comments?post=103"}],"version-history":[{"count":5,"href":"https:\/\/www.garagedanielbois.com\/fr\/wp-json\/wp\/v2\/pages\/103\/revisions"}],"predecessor-version":[{"id":110,"href":"https:\/\/www.garagedanielbois.com\/fr\/wp-json\/wp\/v2\/pages\/103\/revisions\/110"}],"wp:attachment":[{"href":"https:\/\/www.garagedanielbois.com\/fr\/wp-json\/wp\/v2\/media?parent=103"}],"curies":[{"name":"wp","href":"https:\/\/api.w.org\/{rel}","templated":true}]}}